{"id":453,"date":"2022-10-17T18:23:18","date_gmt":"2022-10-17T18:23:18","guid":{"rendered":"https:\/\/stitched4you.nl\/?post_type=product&#038;p=453"},"modified":"2024-09-17T07:07:33","modified_gmt":"2024-09-17T07:07:33","slug":"voila-inzetstukje-van-kant","status":"publish","type":"product","link":"https:\/\/stitched4you.nl\/?product=voila-inzetstukje-van-kant","title":{"rendered":"Voil\u00e1 inzetstukje van kant"},"content":{"rendered":"<p><img data-recalc-dims=\"1\" loading=\"lazy\" decoding=\"async\" class=\"wp-image-104 alignnone\" src=\"https:\/\/i0.wp.com\/stitched4you.nl\/wp-content\/uploads\/2022\/09\/decollete-met-tekst.png?resize=350%2C237&#038;ssl=1\" alt=\"\" width=\"350\" height=\"237\" srcset=\"https:\/\/i0.wp.com\/stitched4you.nl\/wp-content\/uploads\/2022\/09\/decollete-met-tekst.png?resize=1024%2C695&amp;ssl=1 1024w, https:\/\/i0.wp.com\/stitched4you.nl\/wp-content\/uploads\/2022\/09\/decollete-met-tekst.png?resize=300%2C204&amp;ssl=1 300w, https:\/\/i0.wp.com\/stitched4you.nl\/wp-content\/uploads\/2022\/09\/decollete-met-tekst.png?resize=768%2C521&amp;ssl=1 768w, https:\/\/i0.wp.com\/stitched4you.nl\/wp-content\/uploads\/2022\/09\/decollete-met-tekst.png?resize=1536%2C1042&amp;ssl=1 1536w, https:\/\/i0.wp.com\/stitched4you.nl\/wp-content\/uploads\/2022\/09\/decollete-met-tekst.png?resize=600%2C407&amp;ssl=1 600w, https:\/\/i0.wp.com\/stitched4you.nl\/wp-content\/uploads\/2022\/09\/decollete-met-tekst.png?w=2040&amp;ssl=1 2040w\" sizes=\"auto, (max-width: 350px) 100vw, 350px\" \/><img data-recalc-dims=\"1\" loading=\"lazy\" decoding=\"async\" class=\"wp-image-105 alignnone\" src=\"https:\/\/i0.wp.com\/stitched4you.nl\/wp-content\/uploads\/2022\/09\/decollete-gevuld-met-tekst.png?resize=349%2C237&#038;ssl=1\" alt=\"\" width=\"349\" height=\"237\" srcset=\"https:\/\/i0.wp.com\/stitched4you.nl\/wp-content\/uploads\/2022\/09\/decollete-gevuld-met-tekst.png?resize=1024%2C695&amp;ssl=1 1024w, https:\/\/i0.wp.com\/stitched4you.nl\/wp-content\/uploads\/2022\/09\/decollete-gevuld-met-tekst.png?resize=300%2C204&amp;ssl=1 300w, https:\/\/i0.wp.com\/stitched4you.nl\/wp-content\/uploads\/2022\/09\/decollete-gevuld-met-tekst.png?resize=768%2C521&amp;ssl=1 768w, https:\/\/i0.wp.com\/stitched4you.nl\/wp-content\/uploads\/2022\/09\/decollete-gevuld-met-tekst.png?resize=1536%2C1042&amp;ssl=1 1536w, https:\/\/i0.wp.com\/stitched4you.nl\/wp-content\/uploads\/2022\/09\/decollete-gevuld-met-tekst.png?resize=600%2C407&amp;ssl=1 600w, https:\/\/i0.wp.com\/stitched4you.nl\/wp-content\/uploads\/2022\/09\/decollete-gevuld-met-tekst.png?w=2040&amp;ssl=1 2040w\" sizes=\"auto, (max-width: 349px) 100vw, 349px\" \/><\/p>\n<p>Bij het dragen van een borstprothese kan een zichtbaar decollet\u00e9 als niet prettig ervaren worden. Door het Voil\u00e0 inzetstukje tussen de 2 cups te plaatsen, kan de inkijk worden beperkt. Ook in kleding en badkleding kan het Voil\u00e0 inzetstukje geplaatst worden.<\/p>\n<p>Het Voil\u00e0 inzetstukje is gemaakt van lycra of viscose stof en is verkrijgbaar in verschillende kleuren en materialen. Met kleine drukkertjes wordt het inzetstukje in de kleding, lingerie of badkleding bevestigd.<\/p>\n<p>Het Voil\u00e0 inzetstukje is verkrijgbaar als zelfmaak pakketje of als Atelier opdracht. Bij een Atelier opdracht kunt u het beste mij een mail sturen. <a href=\"mailto:info@stitched4you.nl\">info@stitched4you.nl<\/a><\/p>\n<p>&nbsp;<\/p>\n<p>&nbsp;<\/p>\n","protected":false},"excerpt":{"rendered":"<p><strong>H\u00e9t inzetstukje voor een laag decollet\u00e9 in badpak, bikini of BH! <\/strong><\/p>\n<p>Het inzetstukje wordt verkocht als een zelfmaak pakketje. Met bijgeleverde drukkertjes wordt het met elastiek afgewerkt lapje aan de kleding of lingerie bevestigd.<\/p>\n<p>Wat je zelf nog moet doen is de drukkertjes met de hand aan het lapje en de kleding of lingerie naaien.<\/p>\n<p>Wil je het toch liever laten maken? Mail dan naar: <a href=\"mailto:info@stitched4you.nl\">info@stitched4you.nl<\/a><\/p>\n","protected":false},"featured_media":454,"comment_status":"open","ping_status":"closed","template":"","meta":[],"product_brand":[],"product_cat":[34],"product_tag":[40],"class_list":{"0":"post-453","1":"product","2":"type-product","3":"status-publish","4":"has-post-thumbnail","6":"product_cat-inzetstukje","7":"product_tag-inzetstukje","8":"product_shipping_class-gratis","10":"first","11":"instock","12":"shipping-taxable","13":"purchasable","14":"product-type-variable"},"jetpack_sharing_enabled":true,"_links":{"self":[{"href":"https:\/\/stitched4you.nl\/index.php?rest_route=\/wp\/v2\/product\/453","targetHints":{"allow":["GET"]}}],"collection":[{"href":"https:\/\/stitched4you.nl\/index.php?rest_route=\/wp\/v2\/product"}],"about":[{"href":"https:\/\/stitched4you.nl\/index.php?rest_route=\/wp\/v2\/types\/product"}],"replies":[{"embeddable":true,"href":"https:\/\/stitched4you.nl\/index.php?rest_route=%2Fwp%2Fv2%2Fcomments&post=453"}],"wp:featuredmedia":[{"embeddable":true,"href":"https:\/\/stitched4you.nl\/index.php?rest_route=\/wp\/v2\/media\/454"}],"wp:attachment":[{"href":"https:\/\/stitched4you.nl\/index.php?rest_route=%2Fwp%2Fv2%2Fmedia&parent=453"}],"wp:term":[{"taxonomy":"product_brand","embeddable":true,"href":"https:\/\/stitched4you.nl\/index.php?rest_route=%2Fwp%2Fv2%2Fproduct_brand&post=453"},{"taxonomy":"product_cat","embeddable":true,"href":"https:\/\/stitched4you.nl\/index.php?rest_route=%2Fwp%2Fv2%2Fproduct_cat&post=453"},{"taxonomy":"product_tag","embeddable":true,"href":"https:\/\/stitched4you.nl\/index.php?rest_route=%2Fwp%2Fv2%2Fproduct_tag&post=453"}],"curies":[{"name":"wp","href":"https:\/\/api.w.org\/{rel}","templated":true}]}}